{"id":131,"date":"2019-10-21T16:54:37","date_gmt":"2019-10-21T16:54:37","guid":{"rendered":"https:\/\/sites.cs.dal.ca\/meridian-rebuild\/?page_id=131"},"modified":"2020-06-05T14:18:41","modified_gmt":"2020-06-05T14:18:41","slug":"documentation","status":"publish","type":"page","link":"https:\/\/meridian.cs.dal.ca\/fr\/documentation\/","title":{"rendered":"Documentation"},"content":{"rendered":"<div class=\"wp-block-columns alignwide is-layout-flex wp-container-core-columns-is-layout-28f84493 wp-block-columns-is-layout-flex\">\n<div class=\"wp-block-column documentation_column is-layout-flow wp-block-column-is-layout-flow\">\n<figure class=\"wp-block-image size-large documentation_image\"><a href=\"https:\/\/docs.meridian.cs.dal.ca\/ketos\/\"><img decoding=\"async\" src=\"https:\/\/meridian.cs.dal.ca\/wp-content\/uploads\/2019\/11\/ketos_logo.png\" alt=\"\" class=\"wp-image-971\"\/><\/a><\/figure>\n\n\n\n<h2 class=\"has-text-align-center wp-block-heading\"><a href=\"https:\/\/docs.meridian.cs.dal.ca\/ketos\/\">Logiciel Ketos<\/a><\/h2>\n\n\n\n<p>D\u00e9tection acoustique sous-marine et classification avec des r\u00e9seaux de neurones profonds<\/p>\n<\/div>\n\n\n\n<div class=\"wp-block-column documentation_column is-layout-flow wp-block-column-is-layout-flow\">\n<figure class=\"wp-block-image size-large documentation_image\"><a href=\"https:\/\/docs.meridian.cs.dal.ca\/discoveryportalguide\/introduction.html\"><img loading=\"lazy\" decoding=\"async\" width=\"579\" height=\"325\" src=\"https:\/\/meridian.cs.dal.ca\/wp-content\/uploads\/2019\/11\/MERIDIAN_Discover.png\" alt=\"\" class=\"wp-image-978\" srcset=\"https:\/\/meridian.cs.dal.ca\/wp-content\/uploads\/2019\/11\/MERIDIAN_Discover.png 579w, https:\/\/meridian.cs.dal.ca\/wp-content\/uploads\/2019\/11\/MERIDIAN_Discover-300x168.png 300w\" sizes=\"auto, (max-width: 579px) 100vw, 579px\" \/><\/a><\/figure>\n\n\n\n<h2 class=\"has-text-align-center wp-block-heading\"><a href=\"https:\/\/docs.meridian.cs.dal.ca\/discoveryportalguide\/introduction.html\">Guide du portail de d\u00e9couverte<\/a><\/h2>\n\n\n\n<p>Guide rapide pour comprendre les outils de d\u00e9couverte de donn\u00e9es et de formulaire de soumission<\/p>\n<\/div>\n\n\n\n<div class=\"wp-block-column documentation_column is-layout-flow wp-block-column-is-layout-flow\">\n<figure class=\"wp-block-image size-large documentation_image\"><a href=\"https:\/\/docs.meridian.cs.dal.ca\/metadata\/\"><img loading=\"lazy\" decoding=\"async\" width=\"953\" height=\"669\" src=\"https:\/\/meridian.cs.dal.ca\/wp-content\/uploads\/2019\/11\/MERIDIAN_Metadata_Logo_2.png\" alt=\"\" class=\"wp-image-990\" srcset=\"https:\/\/meridian.cs.dal.ca\/wp-content\/uploads\/2019\/11\/MERIDIAN_Metadata_Logo_2.png 953w, https:\/\/meridian.cs.dal.ca\/wp-content\/uploads\/2019\/11\/MERIDIAN_Metadata_Logo_2-300x211.png 300w, https:\/\/meridian.cs.dal.ca\/wp-content\/uploads\/2019\/11\/MERIDIAN_Metadata_Logo_2-768x539.png 768w\" sizes=\"auto, (max-width: 953px) 100vw, 953px\" \/><\/a><\/figure>\n\n\n\n<h2 class=\"has-text-align-center wp-block-heading\"><a href=\"https:\/\/docs.meridian.cs.dal.ca\/metadata\/\">Profil de m\u00e9tadonn\u00e9es<\/a><\/h2>\n\n\n\n<p>Explication d\u00e9taill\u00e9e de la norme de m\u00e9tadonn\u00e9es utilis\u00e9e dans le portail de d\u00e9couverte<\/p>\n<\/div>\n<\/div>\n\n\n\n<div class=\"wp-block-columns alignwide is-layout-flex wp-container-core-columns-is-layout-28f84493 wp-block-columns-is-layout-flex\">\n<div class=\"wp-block-column documentation_column is-layout-flow wp-block-column-is-layout-flow\">\n<figure class=\"wp-block-image size-large documentation_image\"><a href=\"https:\/\/docs.meridian.cs.dal.ca\/kadlu\/\"><img loading=\"lazy\" decoding=\"async\" width=\"300\" height=\"215\" src=\"https:\/\/meridian.cs.dal.ca\/wp-content\/uploads\/2020\/03\/kadlu_logo_wide.png\" alt=\"Kadlu logo\" class=\"wp-image-1595\"\/><\/a><\/figure>\n\n\n\n<h2 class=\"has-text-align-center wp-block-heading\"><a href=\"https:\/\/docs.meridian.cs.dal.ca\/kadlu\/\">Kadlu Package<\/a><\/h2>\n\n\n\n<p>Tools that accurately model ambient noise levels in the ocean<\/p>\n<\/div>\n\n\n\n<div class=\"wp-block-column is-vertically-aligned-center documentation_column is-layout-flow wp-block-column-is-layout-flow\">\n<h2 class=\"has-text-align-center wp-block-heading\"><a href=\"https:\/\/docs.meridian.cs.dal.ca\/kedgi\">Kedgi App<\/a><\/h2>\n\n\n\n<p class=\"has-text-align-center\">Graphical interface for acoustic detectors and classifiers.<\/p>\n<\/div>\n\n\n\n<div class=\"wp-block-column is-layout-flow wp-block-column-is-layout-flow\"><\/div>\n<\/div>\n\n\n\n<p><\/p>","protected":false},"excerpt":{"rendered":"<p>Ketos Package Underwater acoustic detection and classification with deep neural networks Discovery Portal Guide Quick guide for understanding the data discovery and submission form tools Metadata Profile An in-depth explanation of the metadata standard used in the Discovery Portal Kadlu Package Tools that accurately model ambient noise levels in the [&hellip;]<\/p>\n","protected":false},"author":2,"featured_media":0,"parent":0,"menu_order":0,"comment_status":"closed","ping_status":"closed","template":"","meta":{"footnotes":""},"class_list":["post-131","page","type-page","status-publish","hentry"],"_links":{"self":[{"href":"https:\/\/meridian.cs.dal.ca\/fr\/wp-json\/wp\/v2\/pages\/131","targetHints":{"allow":["GET"]}}],"collection":[{"href":"https:\/\/meridian.cs.dal.ca\/fr\/wp-json\/wp\/v2\/pages"}],"about":[{"href":"https:\/\/meridian.cs.dal.ca\/fr\/wp-json\/wp\/v2\/types\/page"}],"author":[{"embeddable":true,"href":"https:\/\/meridian.cs.dal.ca\/fr\/wp-json\/wp\/v2\/users\/2"}],"replies":[{"embeddable":true,"href":"https:\/\/meridian.cs.dal.ca\/fr\/wp-json\/wp\/v2\/comments?post=131"}],"version-history":[{"count":12,"href":"https:\/\/meridian.cs.dal.ca\/fr\/wp-json\/wp\/v2\/pages\/131\/revisions"}],"predecessor-version":[{"id":1848,"href":"https:\/\/meridian.cs.dal.ca\/fr\/wp-json\/wp\/v2\/pages\/131\/revisions\/1848"}],"wp:attachment":[{"href":"https:\/\/meridian.cs.dal.ca\/fr\/wp-json\/wp\/v2\/media?parent=131"}],"curies":[{"name":"wp","href":"https:\/\/api.w.org\/{rel}","templated":true}]}}