{"id":1700,"date":"2020-05-25T18:47:51","date_gmt":"2020-05-25T18:47:51","guid":{"rendered":"https:\/\/meridian.cs.dal.ca\/?page_id=1700"},"modified":"2021-05-28T12:46:02","modified_gmt":"2021-05-28T12:46:02","slug":"managing-marine-data","status":"publish","type":"page","link":"https:\/\/meridian.cs.dal.ca\/fr\/managing-marine-data\/","title":{"rendered":"Managing marine data"},"content":{"rendered":"<div class=\"wp-block-columns alignwide is-layout-flex wp-container-core-columns-is-layout-28f84493 wp-block-columns-is-layout-flex\">\n<div class=\"wp-block-column content_column is-layout-flow wp-block-column-is-layout-flow\" style=\"flex-basis:66%\">\n<p>La gestion de (m\u00e9ta)donn\u00e9es comprend des activit\u00e9s et des processus permettant de mieux g\u00e9rer les (m\u00e9ta)donn\u00e9es \u00e0 chaque \u00e9tape de leur cycle de vie en tant qu'atouts institutionnels ou organisationnels. MERIDIAN adh\u00e8re aux principes de FAIR - \u0153uvrant pour des (m\u00e9ta)donn\u00e9es Trouvables, Accessibles, Interop\u00e9rables et R\u00e9utilisables - dans nos projets de gestion des donn\u00e9es et nos meilleures pratiques.<\/p>\n\n\n\n<p>There are several aspects to our work in this area: We are developing <em>metadata standards<\/em> for underwater acoustic and vessel tracking data to provide best practices for researchers in the field. We have implemented the MERIDIAN <em>Portail de d\u00e9couverte<\/em> where researchers can locate available discipline-specific data from Canadian sources, and an interactive metadata submission form that supports individual researchers and small-scale groups to&nbsp;describe their own data so others can find it. Along similar veins, we have also built <em>FishSounds<\/em>, a portal where marine bioacousticians can find information about all the fish species known to make sounds. We also facilitate access to a rich set of <em>satellite vessel-tracking data (S-AIS)<\/em> for researchers to use. Finally, we are also engaged in the<em> CetaSound<\/em> project and are contributing to the <em>CIOOS\/SIOOC Metadata Working Group<\/em>.<\/p>\n\n\n\n<p>For more information, explore the individual products and services listed in the menu to the right.<\/p>\n\n\n\n<div style=\"height:32px\" aria-hidden=\"true\" class=\"wp-block-spacer\"><\/div>\n\n\n\n<figure class=\"wp-block-image size-large\"><img loading=\"lazy\" decoding=\"async\" width=\"1024\" height=\"314\" src=\"https:\/\/meridian.cs.dal.ca\/wp-content\/uploads\/2019\/10\/Screen-Shot-2019-10-28-at-12.54.14-PM-1024x314.png\" alt=\"\" class=\"wp-image-472\" srcset=\"https:\/\/meridian.cs.dal.ca\/wp-content\/uploads\/2019\/10\/Screen-Shot-2019-10-28-at-12.54.14-PM-1024x314.png 1024w, https:\/\/meridian.cs.dal.ca\/wp-content\/uploads\/2019\/10\/Screen-Shot-2019-10-28-at-12.54.14-PM-300x92.png 300w, https:\/\/meridian.cs.dal.ca\/wp-content\/uploads\/2019\/10\/Screen-Shot-2019-10-28-at-12.54.14-PM-768x236.png 768w\" sizes=\"auto, (max-width: 1024px) 100vw, 1024px\" \/><figcaption>Screenshot of the MERIDIAN Discovery Portal<\/figcaption><\/figure>\n<\/div>\n\n\n\n<div class=\"wp-block-column link_column is-layout-flow wp-block-column-is-layout-flow\">\n<h4 class=\"has-text-align-left wp-block-heading\">Tools &amp; Services<\/h4>\n\n\n\n<p><a href=\"https:\/\/meridian.cs.dal.ca\/fr\/discovery-portal\/\">Portail de d\u00e9couverte<\/a><\/p>\n\n\n\n<p><a href=\"https:\/\/docs.meridian.cs.dal.ca\/metadata\/\">Profil de m\u00e9tadonn\u00e9es<\/a><\/p>\n\n\n\n<p><a href=\"https:\/\/meridian.cs.dal.ca\/fr\/vessel-tracking-data\/\">Suivi des navires<\/a><\/p>\n\n\n\n<p><a href=\"https:\/\/meridian.cs.dal.ca\/fr\/fishsounds\/\" data-type=\"page\" data-id=\"2253\">FishSounds<\/a><\/p>\n\n\n\n<p><\/p>\n\n\n\n<h4 class=\"has-text-align-left wp-block-heading\">Related activities<\/h4>\n\n\n\n<p><a href=\"https:\/\/meridian.cs.dal.ca\/fr\/2015\/03\/25\/cioos_siooc-metadata-working-group\/\">CIOOS\/SIOOC Metadata Working Group<\/a><\/p>\n\n\n\n<p><a href=\"https:\/\/meridian.cs.dal.ca\/fr\/cetasound\/\">CetaSound<\/a><\/p>\n<\/div>\n<\/div>\n\n\n\n<p><\/p>","protected":false},"excerpt":{"rendered":"<p>(Meta)data management comprises activities and processes to better manage (meta)data at every stage of their lifecycle as institutional or organizational assets. MERIDIAN adheres to the FAIR principles \u2013 working towards Findable, Accessible, Interoperable, and Reusable (meta)data \u2013 in our data management projects and best practices. There are several aspects to [&hellip;]<\/p>\n","protected":false},"author":4,"featured_media":0,"parent":0,"menu_order":0,"comment_status":"closed","ping_status":"closed","template":"","meta":{"footnotes":""},"class_list":["post-1700","page","type-page","status-publish","hentry"],"_links":{"self":[{"href":"https:\/\/meridian.cs.dal.ca\/fr\/wp-json\/wp\/v2\/pages\/1700","targetHints":{"allow":["GET"]}}],"collection":[{"href":"https:\/\/meridian.cs.dal.ca\/fr\/wp-json\/wp\/v2\/pages"}],"about":[{"href":"https:\/\/meridian.cs.dal.ca\/fr\/wp-json\/wp\/v2\/types\/page"}],"author":[{"embeddable":true,"href":"https:\/\/meridian.cs.dal.ca\/fr\/wp-json\/wp\/v2\/users\/4"}],"replies":[{"embeddable":true,"href":"https:\/\/meridian.cs.dal.ca\/fr\/wp-json\/wp\/v2\/comments?post=1700"}],"version-history":[{"count":30,"href":"https:\/\/meridian.cs.dal.ca\/fr\/wp-json\/wp\/v2\/pages\/1700\/revisions"}],"predecessor-version":[{"id":2276,"href":"https:\/\/meridian.cs.dal.ca\/fr\/wp-json\/wp\/v2\/pages\/1700\/revisions\/2276"}],"wp:attachment":[{"href":"https:\/\/meridian.cs.dal.ca\/fr\/wp-json\/wp\/v2\/media?parent=1700"}],"curies":[{"name":"wp","href":"https:\/\/api.w.org\/{rel}","templated":true}]}}