{"id":2010,"date":"2020-07-16T19:59:15","date_gmt":"2020-07-16T19:59:15","guid":{"rendered":"https:\/\/meridian.cs.dal.ca\/?page_id=2010"},"modified":"2020-09-05T15:04:05","modified_gmt":"2020-09-05T15:04:05","slug":"ocean-soundscape-atlas","status":"publish","type":"page","link":"https:\/\/meridian.cs.dal.ca\/fr\/ocean-soundscape-atlas\/","title":{"rendered":"Atlas du paysage sonore sous-marin"},"content":{"rendered":"<div class=\"wp-block-columns alignwide is-layout-flex wp-container-core-columns-is-layout-28f84493 wp-block-columns-is-layout-flex\">\n<div class=\"wp-block-column content_column is-layout-flow wp-block-column-is-layout-flow\" style=\"flex-basis:66.66%\">\n<p>Les effets du bruit sous-marin caus\u00e9 par les activit\u00e9s humaines tel que le trafic maritime soul\u00e8vent des pr\u00e9occupations quant \u00e0 leur impact sur la vie marine, notamment en ce qui a trait \u00e0 leurs d\u00e9placements, communication, alimentation et reproduction. En raison de l'intensification de la circulation maritime le long des routes traditionnelles et de l'ouverture de nouvelles voies de navigation, on peut s\u2019attendre \u00e0 des changements dans l\u2019intensit\u00e9 et la r\u00e9partition du bruit dans les eaux canadiennes. Dans l\u2019optique de la Loi sur les esp\u00e8ces en p\u00e9ril du Canada qui impose la protection des habitats des esp\u00e8ces en voie de disparition, il est imp\u00e9ratif de mieux comprendre et de mesurer les effets du bruit li\u00e9 au trafic maritime sur la vie marine afin que des mesures de protection ad\u00e9quates puissent \u00eatre mises en \u0153uvre lorsque cela est n\u00e9cessaire.<\/p>\n\n\n\n<p>Pour contribuer \u00e0 ces efforts, l\u2019\u00e9quipe de MERIDIAN bas\u00e9e \u00e0 l\u2019Universit\u00e9 du Qu\u00e9bec \u00e0 Rimouski et ses collaborateurs ont d\u00e9velopp\u00e9s un atlas interactif en ligne des paysages acoustiques oc\u00e9aniques. Cet outil permet aux utilisateurs de visualiser et d'explorer une multitude de cartes d\u2019acoustique sous-marine mod\u00e9lis\u00e9es sur plusieurs profondeurs, pas de temps et fr\u00e9quences. Vous pouvez voir l'Atlas du paysage sonore oc\u00e9anique ici:<\/p>\n\n\n\n<p class=\"has-text-align-center\"><a href=\"http:\/\/soundscape-atlas.uqar.ca\/\">http:\/\/soundscape-atlas.uqar.ca\/<\/a><\/p>\n\n\n\n<p>L\u2019Atlas utilise des mod\u00e8les physiques valid\u00e9s pour estimer le bruit dans les eaux canadiennes caus\u00e9 par le trafic maritime et les bruits d\u2019origine g\u00e9ophysique dans l'environnement (ex. : vent, vagues). De plus, l\u2019Atlas comporte des cartes abr\u00e9g\u00e9es sur les risques d\u2019impact sur des esp\u00e8ces en voie de disparition tel que la baleine noire de l\u2019Atlantique nord. Cette nouvelle interface facilitera le transfert d\u2019informations scientifiques entre les chercheurs tout en contribuant \u00e0 donner au grand public une meilleure connaissance de l\u2019oc\u00e9an. Elle permettra aussi aux gestionnaires et aux d\u00e9cideurs politiques de surveiller l\u2019\u00e9tat de l\u2019environnement acoustique des oc\u00e9ans et, par cons\u00e9quent, d\u2019assurer plus rapidement et efficacement la conservation du milieu marin de m\u00eame que la gestion des esp\u00e8ces marines valoris\u00e9es et prot\u00e9g\u00e9es.<\/p>\n\n\n\n<figure class=\"wp-block-image size-large\"><img loading=\"lazy\" decoding=\"async\" width=\"1024\" height=\"575\" src=\"https:\/\/meridian.cs.dal.ca\/wp-content\/uploads\/2020\/07\/Screenshot-Soundscape-Atlas-text-1024x575.png\" alt=\"\" class=\"wp-image-2075\" srcset=\"https:\/\/meridian.cs.dal.ca\/wp-content\/uploads\/2020\/07\/Screenshot-Soundscape-Atlas-text-1024x575.png 1024w, https:\/\/meridian.cs.dal.ca\/wp-content\/uploads\/2020\/07\/Screenshot-Soundscape-Atlas-text-300x168.png 300w, https:\/\/meridian.cs.dal.ca\/wp-content\/uploads\/2020\/07\/Screenshot-Soundscape-Atlas-text-768x431.png 768w, https:\/\/meridian.cs.dal.ca\/wp-content\/uploads\/2020\/07\/Screenshot-Soundscape-Atlas-text-1536x862.png 1536w, https:\/\/meridian.cs.dal.ca\/wp-content\/uploads\/2020\/07\/Screenshot-Soundscape-Atlas-text.png 1920w\" sizes=\"auto, (max-width: 1024px) 100vw, 1024px\" \/><figcaption>Utilisation de l\u2019outil de vue de coupe dans l\u2019Atlas des paysages acoustiques oc\u00e9aniques sur une carte du risque de r\u00e9duction de la port\u00e9e de communication des c\u00e9tac\u00e9s \u00e0 basse fr\u00e9quence.]<\/figcaption><\/figure>\n\n\n\n<p> Dans le cadre de ce projet, nous d\u00e9veloppons \u00e9galement une nouvelle biblioth\u00e8que de logiciels pour faciliter la mod\u00e9lisation du bruit ambiant des oc\u00e9ans d\u00fb aux agents environnementaux tels que les vagues et la pluie. Nomm\u00e9e Kadlu, la biblioth\u00e8que se trouve \u00e0 l'adresse <a href=\"https:\/\/docs.meridian.cs.dal.ca\/kadlu\/\">https:\/\/docs.meridian.cs.dal.ca\/kadlu\/<\/a>. <\/p>\n<\/div>\n\n\n\n<div class=\"wp-block-column link_column is-layout-flow wp-block-column-is-layout-flow\" style=\"flex-basis:33.33%\">\n<h5 class=\"wp-block-heading\">Liens connexes<\/h5>\n\n\n\n<ul class=\"link_list wp-block-list\"><li><a href=\"http:\/\/soundscape-atlas.uqar.ca\">Atlas du paysage sonore sous-marin<\/a><\/li><li><a href=\"https:\/\/www.gnu.org\/licenses\/\">D\u00e9tails de la licence<\/a><\/li><\/ul>\n<\/div>\n<\/div>","protected":false},"excerpt":{"rendered":"<p>Underwater noise generated by human activities such as shipping raises concerns about its potential impact on marine life, for instance, by affecting their ability to navigate, communicate, feed, and reproduce. With increased shipping activity along traditional routes and the opening of new shipping lanes, changes in noise intensity and distribution [&hellip;]<\/p>\n","protected":false},"author":4,"featured_media":0,"parent":0,"menu_order":0,"comment_status":"closed","ping_status":"closed","template":"","meta":{"footnotes":""},"class_list":["post-2010","page","type-page","status-publish","hentry"],"_links":{"self":[{"href":"https:\/\/meridian.cs.dal.ca\/fr\/wp-json\/wp\/v2\/pages\/2010","targetHints":{"allow":["GET"]}}],"collection":[{"href":"https:\/\/meridian.cs.dal.ca\/fr\/wp-json\/wp\/v2\/pages"}],"about":[{"href":"https:\/\/meridian.cs.dal.ca\/fr\/wp-json\/wp\/v2\/types\/page"}],"author":[{"embeddable":true,"href":"https:\/\/meridian.cs.dal.ca\/fr\/wp-json\/wp\/v2\/users\/4"}],"replies":[{"embeddable":true,"href":"https:\/\/meridian.cs.dal.ca\/fr\/wp-json\/wp\/v2\/comments?post=2010"}],"version-history":[{"count":5,"href":"https:\/\/meridian.cs.dal.ca\/fr\/wp-json\/wp\/v2\/pages\/2010\/revisions"}],"predecessor-version":[{"id":2100,"href":"https:\/\/meridian.cs.dal.ca\/fr\/wp-json\/wp\/v2\/pages\/2010\/revisions\/2100"}],"wp:attachment":[{"href":"https:\/\/meridian.cs.dal.ca\/fr\/wp-json\/wp\/v2\/media?parent=2010"}],"curies":[{"name":"wp","href":"https:\/\/api.w.org\/{rel}","templated":true}]}}