{"id":2017,"date":"2020-07-16T20:03:03","date_gmt":"2020-07-16T20:03:03","guid":{"rendered":"https:\/\/meridian.cs.dal.ca\/?page_id=2017"},"modified":"2020-07-16T20:03:03","modified_gmt":"2020-07-16T20:03:03","slug":"acoustic-tracking-toolkit","status":"publish","type":"page","link":"https:\/\/meridian.cs.dal.ca\/fr\/acoustic-tracking-toolkit\/","title":{"rendered":"Acoustic Tracking Toolkit"},"content":{"rendered":"<div class=\"wp-block-columns alignwide is-layout-flex wp-container-core-columns-is-layout-28f84493 wp-block-columns-is-layout-flex\">\n<div class=\"wp-block-column content_column is-layout-flow wp-block-column-is-layout-flow\" style=\"flex-basis:66.66%\">\n<p>\nLe rep\u00e9rage acoustique est largement utilis\u00e9 par les biologistes marins pour \u00e9tudier la r\u00e9partition et les mouvements des poissons ainsi que des mammif\u00e8res marins sur des \u00e9chelles de temps qui varient de quelques heures \u00e0 plusieurs mois, voire m\u00eame des ann\u00e9es. Cette technique fort efficace permet aux scientifiques de cartographier les routes de migration du saumon. Elle donne \u00e9galement la possibilit\u00e9 d\u2019effectuer des corr\u00e9lations entre l'habitat et le d\u00e9placement des requins, en fonction du temps et des variables environnementales. Ces \u00e9tudes apportent des donn\u00e9es pr\u00e9cieuses pour la prise de d\u00e9cision en mati\u00e8re de gestion de l\u2019environnement marin.\n<\/p>\n\n\n\n<p> Le rep\u00e9rage acoustique consiste essentiellement \u00e0 munir des animaux d\u2019\u00e9metteurs acoustiques et \u00e0 implanter un r\u00e9seau sous-marin compos\u00e9 de r\u00e9cepteurs pour d\u00e9tecter lorsqu\u2019un animal se trouve \u00e0 proximit\u00e9. Ces d\u00e9marches sont accompagn\u00e9es de d\u00e9fis logistiques et techniques. L\u2019interpr\u00e9tation des donn\u00e9es peut aussi s\u2019av\u00e9rer complexe. <\/p>\n\n\n\n<div class=\"wp-block-image\"><figure class=\"alignleft size-large is-resized\"><img loading=\"lazy\" decoding=\"async\" src=\"https:\/\/meridian.cs.dal.ca\/wp-content\/uploads\/2019\/12\/Projects_Modelling-683x1024.jpg\" alt=\"\" class=\"wp-image-1460\" width=\"219\" height=\"328\" srcset=\"https:\/\/meridian.cs.dal.ca\/wp-content\/uploads\/2019\/12\/Projects_Modelling-683x1024.jpg 683w, https:\/\/meridian.cs.dal.ca\/wp-content\/uploads\/2019\/12\/Projects_Modelling-200x300.jpg 200w, https:\/\/meridian.cs.dal.ca\/wp-content\/uploads\/2019\/12\/Projects_Modelling-768x1152.jpg 768w, https:\/\/meridian.cs.dal.ca\/wp-content\/uploads\/2019\/12\/Projects_Modelling-1024x1536.jpg 1024w, https:\/\/meridian.cs.dal.ca\/wp-content\/uploads\/2019\/12\/Projects_Modelling-1365x2048.jpg 1365w, https:\/\/meridian.cs.dal.ca\/wp-content\/uploads\/2019\/12\/Projects_Modelling-scaled.jpg 1707w\" sizes=\"auto, (max-width: 219px) 100vw, 219px\" \/><figcaption>Un plongeur inspecte une unit\u00e9 dans l\u2019un des nombreux r\u00e9seaux de rep\u00e9rage de l\u2019OTN<\/figcaption><\/figure><\/div>\n\n\n\n<p>\nIl est essentiel de d\u00e9terminer la capacit\u00e9 de chaque r\u00e9cepteur du r\u00e9seau \u00e0 d\u00e9tecter un animal (sa \u00ab port\u00e9e \u00bb). Or, il s\u2019agit d\u2019une difficult\u00e9, car la port\u00e9e de d\u00e9tection d\u00e9pend de nombreux param\u00e8tres environnementaux qui peuvent varier avec le temps. Par exemple, des niveaux \u00e9lev\u00e9s de bruit ambiant peuvent masquer les signaux de suivi acoustique ou des couches de densit\u00e9 et d\u2019autres propri\u00e9t\u00e9s d\u00e9favorables de la colonne d\u2019eau peuvent emp\u00eacher les signaux de se propager sur de longues distances. \n\n<\/p>\n\n\n\n<p> To help address this problem, MERIDIAN has partnered with the Ocean  Tracking Network (OTN) on a project that seeks to analyze historical  range testing data and model the efficiency of historical  and proposed acoustic tracking arrays using machine-learning techniques.  Using historical tracking data from OTN&#8217;s vast detection database, we  will attempt to leverage the power of machine learning, e.g., neural  networks, to uncover useful correlations between detection efficiency  and various environmental variables.  <\/p>\n<\/div>\n\n\n\n<div class=\"wp-block-column link_column is-layout-flow wp-block-column-is-layout-flow\" style=\"flex-basis:33.33%\">\n<h5 class=\"wp-block-heading\">Partenaires<\/h5>\n\n\n\n<ul class=\"link_list wp-block-list\"><li><a href=\"https:\/\/oceantrackingnetwork.org\/\">Ocean Tracking Network (OTN)<\/a><\/li><\/ul>\n<\/div>\n<\/div>","protected":false},"excerpt":{"rendered":"<p>Acoustic tracking is widely used by marine biologists to study the distributions and movements of fishes and marine mammals on time scales ranging from hours to months or even years. Highly powerful, the technique allows scientists to map the migration routes of salmon, or correlate the habitat use and movement [&hellip;]<\/p>\n","protected":false},"author":4,"featured_media":0,"parent":0,"menu_order":0,"comment_status":"closed","ping_status":"closed","template":"","meta":{"footnotes":""},"class_list":["post-2017","page","type-page","status-publish","hentry"],"_links":{"self":[{"href":"https:\/\/meridian.cs.dal.ca\/fr\/wp-json\/wp\/v2\/pages\/2017","targetHints":{"allow":["GET"]}}],"collection":[{"href":"https:\/\/meridian.cs.dal.ca\/fr\/wp-json\/wp\/v2\/pages"}],"about":[{"href":"https:\/\/meridian.cs.dal.ca\/fr\/wp-json\/wp\/v2\/types\/page"}],"author":[{"embeddable":true,"href":"https:\/\/meridian.cs.dal.ca\/fr\/wp-json\/wp\/v2\/users\/4"}],"replies":[{"embeddable":true,"href":"https:\/\/meridian.cs.dal.ca\/fr\/wp-json\/wp\/v2\/comments?post=2017"}],"version-history":[{"count":3,"href":"https:\/\/meridian.cs.dal.ca\/fr\/wp-json\/wp\/v2\/pages\/2017\/revisions"}],"predecessor-version":[{"id":2024,"href":"https:\/\/meridian.cs.dal.ca\/fr\/wp-json\/wp\/v2\/pages\/2017\/revisions\/2024"}],"wp:attachment":[{"href":"https:\/\/meridian.cs.dal.ca\/fr\/wp-json\/wp\/v2\/media?parent=2017"}],"curies":[{"name":"wp","href":"https:\/\/api.w.org\/{rel}","templated":true}]}}