{"id":33,"date":"2019-10-18T15:13:46","date_gmt":"2019-10-18T15:13:46","guid":{"rendered":"https:\/\/sites.cs.dal.ca\/meridian-rebuild\/?page_id=33"},"modified":"2023-02-17T15:28:37","modified_gmt":"2023-02-17T15:28:37","slug":"home","status":"publish","type":"page","link":"https:\/\/meridian.cs.dal.ca\/fr\/","title":{"rendered":"Accueil"},"content":{"rendered":"<p class=\"has-text-align-center has-text-color\" style=\"color:#1e1f20\">Nous sommes un consortium de chercheurs oc\u00e9anographiques, d'informaticiens et de gestionnaires de donn\u00e9es qui construisent une infrastructure de donn\u00e9es canadienne pour les donn\u00e9es acoustiques sous-marines et de suivi des navires.<\/p>\n\n\n\n<div class=\"wp-block-columns has-2-columns is-layout-flex wp-container-core-columns-is-layout-28f84493 wp-block-columns-is-layout-flex\">\n<div class=\"wp-block-column left_column memorium is-layout-flow wp-block-column-is-layout-flow\">\n<div class=\"wp-block-group\"><div class=\"wp-block-group__inner-container is-layout-flow wp-block-group-is-layout-flow\">\n<h2 class=\"home-recent-developments wp-block-heading\">Recent Developments<\/h2>\n\n\n<ul style=\"font-size:16px;\" class=\"wp-block-latest-posts__list has-dates wp-block-latest-posts\"><li><a class=\"wp-block-latest-posts__post-title\" href=\"https:\/\/meridian.cs.dal.ca\/fr\/2024\/11\/08\/newly-released-works\/\">Newly Released Works<\/a><time datetime=\"2024-11-08T10:00:00+00:00\" class=\"wp-block-latest-posts__post-date\">novembre 8, 2024<\/time><div class=\"wp-block-latest-posts__post-excerpt\">MERIDIAN is pleased to share two new publications on our work!Learn about our research on vessel-tracking data in\u00a0Maritime tracking data analysis and integration with AISdb\u00a0led by Dr. Gabriel Spadon and Dr. Ron Pelot in collaboration with the Department of Fisheries and Oceans (DFO).For acoustic data,\u00a0Designing Cyberinfrastructure for Knowledge Sharing: A\u2026 <a class=\"wp-block-latest-posts__read-more\" href=\"https:\/\/meridian.cs.dal.ca\/fr\/2024\/11\/08\/newly-released-works\/\" rel=\"noopener noreferrer\">Lire la suite<span class=\"screen-reader-text\">\u00a0: Newly Released Works<\/span><\/a><\/div><\/li>\n<li><a class=\"wp-block-latest-posts__post-title\" href=\"https:\/\/meridian.cs.dal.ca\/fr\/2024\/08\/07\/new-milestones-in-ais-research-vessel-trajectory-and-maritime-traffic-forecasting\/\">New Milestones in AIS Research: Vessel Trajectory and Maritime Traffic Forecasting<\/a><time datetime=\"2024-08-07T16:45:01+00:00\" class=\"wp-block-latest-posts__post-date\">ao\u00fbt 7, 2024<\/time><div class=\"wp-block-latest-posts__post-excerpt\">We are pleased to announce the publication of two new research papers on AIS (Automatic Identification System) research, co-authored by Dr. Gabriel Spadon and his collaborators. Authors: Mahbub Alam, Dr. Gabriel Spadon, Mohamed\u00a0 Etemad, Luis Torgo, Evangelos Milios This paper presents a novel approach to improving short-term vessel trajectory prediction.\u2026 <a class=\"wp-block-latest-posts__read-more\" href=\"https:\/\/meridian.cs.dal.ca\/fr\/2024\/08\/07\/new-milestones-in-ais-research-vessel-trajectory-and-maritime-traffic-forecasting\/\" rel=\"noopener noreferrer\">Lire la suite<span class=\"screen-reader-text\">\u00a0: New Milestones in AIS Research: Vessel Trajectory and Maritime Traffic Forecasting<\/span><\/a><\/div><\/li>\n<li><a class=\"wp-block-latest-posts__post-title\" href=\"https:\/\/meridian.cs.dal.ca\/fr\/2023\/06\/23\/ais-data-analysis-and-visualization-workshop-summary-and-online-videos\/\">AIS Data Analysis and Visualization: Workshop Summary and Online Videos<\/a><time datetime=\"2023-06-23T16:12:03+00:00\" class=\"wp-block-latest-posts__post-date\">juin 23, 2023<\/time><div class=\"wp-block-latest-posts__post-excerpt\">Videos from our workshop Insights from Vessel Tracking Data: A Workshop on Analyzing and Visualizing Maritime Activity on May 4th, 2023, are now online! The event aimed to identify user requirements, challenges, and barriers using Automatic Identification System (AIS) data and to solve these. We presented existing software solutions to\u2026 <a class=\"wp-block-latest-posts__read-more\" href=\"https:\/\/meridian.cs.dal.ca\/fr\/2023\/06\/23\/ais-data-analysis-and-visualization-workshop-summary-and-online-videos\/\" rel=\"noopener noreferrer\">Lire la suite<span class=\"screen-reader-text\">\u00a0: AIS Data Analysis and Visualization: Workshop Summary and Online Videos<\/span><\/a><\/div><\/li>\n<\/ul><\/div><\/div>\n<\/div>\n\n\n\n<div class=\"wp-block-column is-layout-flow wp-block-column-is-layout-flow\">\n<h2 class=\"has-text-align-left wp-block-heading\">Learn More<\/h2>\n\n\n\n<figure class=\"wp-block-gallery has-nested-images columns-2 is-cropped home_gallery wp-block-gallery-1 is-layout-flex wp-block-gallery-is-layout-flex\">\n<figure class=\"wp-block-image size-large\"><img loading=\"lazy\" decoding=\"async\" width=\"750\" height=\"325\" data-id=\"706\" src=\"https:\/\/meridian.cs.dal.ca\/wp-content\/uploads\/2019\/11\/homeGallery_1-1.png\" alt=\"\" class=\"wp-image-706\" srcset=\"https:\/\/meridian.cs.dal.ca\/wp-content\/uploads\/2019\/11\/homeGallery_1-1.png 750w, https:\/\/meridian.cs.dal.ca\/wp-content\/uploads\/2019\/11\/homeGallery_1-1-300x130.png 300w\" sizes=\"auto, (max-width: 750px) 100vw, 750px\" \/><\/figure>\n\n\n\n<figure class=\"wp-block-image size-large\"><img loading=\"lazy\" decoding=\"async\" width=\"750\" height=\"325\" data-id=\"707\" src=\"https:\/\/meridian.cs.dal.ca\/wp-content\/uploads\/2019\/11\/homeGallery_2-1.png\" alt=\"\" class=\"wp-image-707\" srcset=\"https:\/\/meridian.cs.dal.ca\/wp-content\/uploads\/2019\/11\/homeGallery_2-1.png 750w, https:\/\/meridian.cs.dal.ca\/wp-content\/uploads\/2019\/11\/homeGallery_2-1-300x130.png 300w\" sizes=\"auto, (max-width: 750px) 100vw, 750px\" \/><\/figure>\n\n\n\n<figure class=\"wp-block-image size-large\"><img loading=\"lazy\" decoding=\"async\" width=\"750\" height=\"325\" data-id=\"708\" src=\"https:\/\/meridian.cs.dal.ca\/wp-content\/uploads\/2019\/11\/homeGallery_3-1.png\" alt=\"\" class=\"wp-image-708\" srcset=\"https:\/\/meridian.cs.dal.ca\/wp-content\/uploads\/2019\/11\/homeGallery_3-1.png 750w, https:\/\/meridian.cs.dal.ca\/wp-content\/uploads\/2019\/11\/homeGallery_3-1-300x130.png 300w\" sizes=\"auto, (max-width: 750px) 100vw, 750px\" \/><\/figure>\n\n\n\n<figure class=\"wp-block-image size-large\"><img loading=\"lazy\" decoding=\"async\" width=\"750\" height=\"325\" data-id=\"709\" src=\"https:\/\/meridian.cs.dal.ca\/wp-content\/uploads\/2019\/11\/homeGallery_4-1.png\" alt=\"\" class=\"wp-image-709\" srcset=\"https:\/\/meridian.cs.dal.ca\/wp-content\/uploads\/2019\/11\/homeGallery_4-1.png 750w, https:\/\/meridian.cs.dal.ca\/wp-content\/uploads\/2019\/11\/homeGallery_4-1-300x130.png 300w\" sizes=\"auto, (max-width: 750px) 100vw, 750px\" \/><\/figure>\n\n\n\n<figure class=\"wp-block-image size-large\"><img loading=\"lazy\" decoding=\"async\" width=\"750\" height=\"325\" data-id=\"710\" src=\"https:\/\/meridian.cs.dal.ca\/wp-content\/uploads\/2019\/11\/homeGallery_5-1.png\" alt=\"\" class=\"wp-image-710\" srcset=\"https:\/\/meridian.cs.dal.ca\/wp-content\/uploads\/2019\/11\/homeGallery_5-1.png 750w, https:\/\/meridian.cs.dal.ca\/wp-content\/uploads\/2019\/11\/homeGallery_5-1-300x130.png 300w\" sizes=\"auto, (max-width: 750px) 100vw, 750px\" \/><\/figure>\n\n\n\n<figure class=\"wp-block-image size-large\"><img loading=\"lazy\" decoding=\"async\" width=\"750\" height=\"325\" data-id=\"711\" src=\"https:\/\/meridian.cs.dal.ca\/wp-content\/uploads\/2019\/11\/homeGallery_6-1.png\" alt=\"\" class=\"wp-image-711\" srcset=\"https:\/\/meridian.cs.dal.ca\/wp-content\/uploads\/2019\/11\/homeGallery_6-1.png 750w, https:\/\/meridian.cs.dal.ca\/wp-content\/uploads\/2019\/11\/homeGallery_6-1-300x130.png 300w\" sizes=\"auto, (max-width: 750px) 100vw, 750px\" \/><\/figure>\n<\/figure>\n\n\n\n<p><\/p>\n<\/div>\n<\/div>\n\n\n\n<p><\/p>","protected":false},"excerpt":{"rendered":"<p>We are a consortium of ocean researchers, computer scientists, and data managers building a Canadian data infrastructure for underwater acoustic and vessel tracking data. Recent Developments Learn More<\/p>","protected":false},"author":2,"featured_media":0,"parent":0,"menu_order":0,"comment_status":"closed","ping_status":"closed","template":"","meta":{"footnotes":""},"class_list":["post-33","page","type-page","status-publish","hentry"],"_links":{"self":[{"href":"https:\/\/meridian.cs.dal.ca\/fr\/wp-json\/wp\/v2\/pages\/33","targetHints":{"allow":["GET"]}}],"collection":[{"href":"https:\/\/meridian.cs.dal.ca\/fr\/wp-json\/wp\/v2\/pages"}],"about":[{"href":"https:\/\/meridian.cs.dal.ca\/fr\/wp-json\/wp\/v2\/types\/page"}],"author":[{"embeddable":true,"href":"https:\/\/meridian.cs.dal.ca\/fr\/wp-json\/wp\/v2\/users\/2"}],"replies":[{"embeddable":true,"href":"https:\/\/meridian.cs.dal.ca\/fr\/wp-json\/wp\/v2\/comments?post=33"}],"version-history":[{"count":51,"href":"https:\/\/meridian.cs.dal.ca\/fr\/wp-json\/wp\/v2\/pages\/33\/revisions"}],"predecessor-version":[{"id":2683,"href":"https:\/\/meridian.cs.dal.ca\/fr\/wp-json\/wp\/v2\/pages\/33\/revisions\/2683"}],"wp:attachment":[{"href":"https:\/\/meridian.cs.dal.ca\/fr\/wp-json\/wp\/v2\/media?parent=33"}],"curies":[{"name":"wp","href":"https:\/\/api.w.org\/{rel}","templated":true}]}}